{"id":2693,"date":"2026-03-20T18:14:06","date_gmt":"2026-03-20T18:14:06","guid":{"rendered":"https:\/\/hhalaw.com\/?page_id=2693"},"modified":"2026-04-15T16:22:52","modified_gmt":"2026-04-15T16:22:52","slug":"blogs","status":"publish","type":"page","link":"https:\/\/hhalaw.com\/en\/blogs\/","title":{"rendered":"Blogs"},"content":{"rendered":"<div data-elementor-type=\"wp-page\" data-elementor-id=\"2693\" class=\"elementor elementor-2693\" data-elementor-post-type=\"page\">\n\t\t\t\t<div class=\"elementor-element elementor-element-0e63243 e-flex e-con-boxed e-con e-parent\" data-id=\"0e63243\" data-element_type=\"container\" data-e-type=\"container\" data-settings=\"{&quot;background_background&quot;:&quot;classic&quot;,&quot;_ob_use_container_extras&quot;:&quot;no&quot;,&quot;_ob_column_hoveranimator&quot;:&quot;no&quot;,&quot;_ob_glider_is_slider&quot;:&quot;no&quot;,&quot;_ob_column_has_pseudo&quot;:&quot;no&quot;}\">\n\t\t\t\t\t<div class=\"e-con-inner\">\n\t\t\t\t<div class=\"elementor-element elementor-element-1de1bd5 ob-harakiri-inherit ob-has-background-overlay elementor-widget elementor-widget-heading\" data-id=\"1de1bd5\" data-element_type=\"widget\" data-e-type=\"widget\" data-settings=\"{&quot;_ob_use_harakiri&quot;:&quot;yes&quot;,&quot;_ob_harakiri_writing_mode&quot;:&quot;inherit&quot;,&quot;_ob_harakiri_text_clip&quot;:&quot;none&quot;,&quot;_ob_widget_stalker_use&quot;:&quot;no&quot;,&quot;_ob_poopart_use&quot;:&quot;yes&quot;,&quot;_ob_shadough_use&quot;:&quot;no&quot;,&quot;_ob_allow_hoveranimator&quot;:&quot;no&quot;}\" data-widget_type=\"heading.default\">\n\t\t\t\t\t<h1 class=\"elementor-heading-title elementor-size-default\">Our Articles<\/h1>\t\t\t\t<\/div>\n\t\t\t\t<div class=\"elementor-element elementor-element-b7cdbd1 ob-harakiri-inherit ob-has-background-overlay elementor-widget elementor-widget-text-editor\" data-id=\"b7cdbd1\" data-element_type=\"widget\" data-e-type=\"widget\" data-settings=\"{&quot;_ob_use_harakiri&quot;:&quot;yes&quot;,&quot;_ob_harakiri_writing_mode&quot;:&quot;inherit&quot;,&quot;_ob_postman_use&quot;:&quot;no&quot;,&quot;_ob_widget_stalker_use&quot;:&quot;no&quot;,&quot;_ob_poopart_use&quot;:&quot;yes&quot;,&quot;_ob_shadough_use&quot;:&quot;no&quot;,&quot;_ob_allow_hoveranimator&quot;:&quot;no&quot;}\" data-widget_type=\"text-editor.default\">\n\t\t\t\t\t\t\t\t\t<div class=\"content\"><p class=\"subtitle\">Clear and accessible legal information to help you understand your rights and make informed decisions.<\/p><\/div>\t\t\t\t\t\t\t\t<\/div>\n\t\t\t\t\t<\/div>\n\t\t\t\t<\/div>\n\t\t<div class=\"elementor-element elementor-element-aa2bb49 e-flex e-con-boxed e-con e-parent\" data-id=\"aa2bb49\" data-element_type=\"container\" data-e-type=\"container\" data-settings=\"{&quot;_ob_use_container_extras&quot;:&quot;no&quot;,&quot;_ob_column_hoveranimator&quot;:&quot;no&quot;,&quot;_ob_glider_is_slider&quot;:&quot;no&quot;,&quot;_ob_column_has_pseudo&quot;:&quot;no&quot;}\">\n\t\t\t\t\t<div class=\"e-con-inner\">\n\t\t\t\t<div class=\"elementor-element elementor-element-2ae7bd3 elementor-grid-3 elementor-grid-tablet-2 elementor-grid-mobile-1 elementor-posts--thumbnail-top ob-has-background-overlay elementor-widget elementor-widget-posts\" data-id=\"2ae7bd3\" data-element_type=\"widget\" data-e-type=\"widget\" data-settings=\"{&quot;classic_masonry&quot;:&quot;yes&quot;,&quot;classic_columns&quot;:&quot;3&quot;,&quot;classic_columns_tablet&quot;:&quot;2&quot;,&quot;classic_columns_mobile&quot;:&quot;1&quot;,&quot;classic_row_gap&quot;:{&quot;unit&quot;:&quot;px&quot;,&quot;size&quot;:35,&quot;sizes&quot;:[]},&quot;classic_row_gap_widescreen&quot;:{&quot;unit&quot;:&quot;px&quot;,&quot;size&quot;:&quot;&quot;,&quot;sizes&quot;:[]},&quot;classic_row_gap_tablet&quot;:{&quot;unit&quot;:&quot;px&quot;,&quot;size&quot;:&quot;&quot;,&quot;sizes&quot;:[]},&quot;classic_row_gap_mobile&quot;:{&quot;unit&quot;:&quot;px&quot;,&quot;size&quot;:&quot;&quot;,&quot;sizes&quot;:[]},&quot;_ob_widget_stalker_use&quot;:&quot;no&quot;,&quot;_ob_poopart_use&quot;:&quot;yes&quot;,&quot;_ob_shadough_use&quot;:&quot;no&quot;,&quot;_ob_allow_hoveranimator&quot;:&quot;no&quot;}\" data-widget_type=\"posts.classic\">\n\t\t\t\t<div class=\"elementor-widget-container\">\n\t\t\t\t\t\t\t<div class=\"elementor-posts-container elementor-posts elementor-posts--skin-classic elementor-grid\" role=\"list\">\n\t\t\t\t<article class=\"elementor-post elementor-grid-item post-2794 post type-post status-publish format-standard has-post-thumbnail hentry category-uncategorized tag-abogado-irs-bancarrota-miami-hispano tag-deuda-irs-bancarrota-miami tag-eliminar-deuda-de-taxes-bancarrota-florida tag-puedo-declarar-bancarrota-si-debo-al-irs\" role=\"listitem\">\n\t\t\t\t<a class=\"elementor-post__thumbnail__link\" href=\"https:\/\/hhalaw.com\/en\/2026\/05\/11\/deuda-irs-bancarrota-abogado-miami\/\" tabindex=\"-1\" >\n\t\t\t<div class=\"elementor-post__thumbnail\"><img decoding=\"async\" width=\"300\" height=\"164\" src=\"https:\/\/hhalaw.com\/wp-content\/uploads\/2026\/04\/image-13-300x164.png\" class=\"attachment-medium size-medium wp-image-2795\" alt=\"\" srcset=\"https:\/\/hhalaw.com\/wp-content\/uploads\/2026\/04\/image-13-300x164.png 300w, https:\/\/hhalaw.com\/wp-content\/uploads\/2026\/04\/image-13-1024x559.png 1024w, https:\/\/hhalaw.com\/wp-content\/uploads\/2026\/04\/image-13-768x419.png 768w, https:\/\/hhalaw.com\/wp-content\/uploads\/2026\/04\/image-13-1536x838.png 1536w, https:\/\/hhalaw.com\/wp-content\/uploads\/2026\/04\/image-13-18x10.png 18w, https:\/\/hhalaw.com\/wp-content\/uploads\/2026\/04\/image-13.png 2048w\" sizes=\"(max-width: 300px) 100vw, 300px\" \/><\/div>\n\t\t<\/a>\n\t\t\t\t<div class=\"elementor-post__text\">\n\t\t\t\t<h3 class=\"elementor-post__title\">\n\t\t\t<a href=\"https:\/\/hhalaw.com\/en\/2026\/05\/11\/deuda-irs-bancarrota-abogado-miami\/\" >\n\t\t\t\t\u00bfPuedes eliminar tu deuda con el IRS declarando bancarrota en Florida?\t\t\t<\/a>\n\t\t<\/h3>\n\t\t\t\t<div class=\"elementor-post__meta-data\">\n\t\t\t\t\t<span class=\"elementor-post-date\">\n\t\t\tMay 11, 2026\t\t<\/span>\n\t\t\t\t<\/div>\n\t\t\t\t<div class=\"elementor-post__excerpt\">\n\t\t\t<p>Abril termin\u00f3 y los taxes est\u00e1n presentados. Eso significa que, para muchas familias hispanas en Miami, los n\u00fameros que aparecieron en esa declaraci\u00f3n no traen<\/p>\n\t\t<\/div>\n\t\t\n\t\t<a class=\"elementor-post__read-more\" href=\"https:\/\/hhalaw.com\/en\/2026\/05\/11\/deuda-irs-bancarrota-abogado-miami\/\" aria-label=\"Read more about \u00bfPuedes eliminar tu deuda con el IRS declarando bancarrota en Florida?\" tabindex=\"-1\" >\n\t\t\tRead more \u00bb\t\t<\/a>\n\n\t\t\t\t<\/div>\n\t\t\t\t<\/article>\n\t\t\t\t<article class=\"elementor-post elementor-grid-item post-2789 post type-post status-publish format-standard has-post-thumbnail hentry category-uncategorized tag-notice-to-appear-abogado-miami\" role=\"listitem\">\n\t\t\t\t<a class=\"elementor-post__thumbnail__link\" href=\"https:\/\/hhalaw.com\/en\/2026\/05\/04\/notice-to-appear-nta-abogado-miami\/\" tabindex=\"-1\" >\n\t\t\t<div class=\"elementor-post__thumbnail\"><img fetchpriority=\"high\" decoding=\"async\" width=\"300\" height=\"200\" src=\"https:\/\/hhalaw.com\/wp-content\/uploads\/2026\/04\/businessman-was-negotiating-a-bribery-arrangement-2026-01-08-05-32-55-utc-300x200.jpg\" class=\"attachment-medium size-medium wp-image-2793\" alt=\"\" srcset=\"https:\/\/hhalaw.com\/wp-content\/uploads\/2026\/04\/businessman-was-negotiating-a-bribery-arrangement-2026-01-08-05-32-55-utc-300x200.jpg 300w, https:\/\/hhalaw.com\/wp-content\/uploads\/2026\/04\/businessman-was-negotiating-a-bribery-arrangement-2026-01-08-05-32-55-utc-1024x681.jpg 1024w, https:\/\/hhalaw.com\/wp-content\/uploads\/2026\/04\/businessman-was-negotiating-a-bribery-arrangement-2026-01-08-05-32-55-utc-768x511.jpg 768w, https:\/\/hhalaw.com\/wp-content\/uploads\/2026\/04\/businessman-was-negotiating-a-bribery-arrangement-2026-01-08-05-32-55-utc-1536x1022.jpg 1536w, https:\/\/hhalaw.com\/wp-content\/uploads\/2026\/04\/businessman-was-negotiating-a-bribery-arrangement-2026-01-08-05-32-55-utc-2048x1363.jpg 2048w, https:\/\/hhalaw.com\/wp-content\/uploads\/2026\/04\/businessman-was-negotiating-a-bribery-arrangement-2026-01-08-05-32-55-utc-18x12.jpg 18w\" sizes=\"(max-width: 300px) 100vw, 300px\" \/><\/div>\n\t\t<\/a>\n\t\t\t\t<div class=\"elementor-post__text\">\n\t\t\t\t<h3 class=\"elementor-post__title\">\n\t\t\t<a href=\"https:\/\/hhalaw.com\/en\/2026\/05\/04\/notice-to-appear-nta-abogado-miami\/\" >\n\t\t\t\tNotice to Appear (NTA): Qu\u00e9 hacer si ICE te entrega este documento en Miami\t\t\t<\/a>\n\t\t<\/h3>\n\t\t\t\t<div class=\"elementor-post__meta-data\">\n\t\t\t\t\t<span class=\"elementor-post-date\">\n\t\t\tMay 4, 2026\t\t<\/span>\n\t\t\t\t<\/div>\n\t\t\t\t<div class=\"elementor-post__excerpt\">\n\t\t\t<p>Si encontraste este art\u00edculo, es probable que t\u00fa o alguien cercano acaba de recibir un documento del gobierno con las palabras \u00abNotice to Appear\u00bb&nbsp; y<\/p>\n\t\t<\/div>\n\t\t\n\t\t<a class=\"elementor-post__read-more\" href=\"https:\/\/hhalaw.com\/en\/2026\/05\/04\/notice-to-appear-nta-abogado-miami\/\" aria-label=\"Read more about Notice to Appear (NTA): Qu\u00e9 hacer si ICE te entrega este documento en Miami\" tabindex=\"-1\" >\n\t\t\tRead more \u00bb\t\t<\/a>\n\n\t\t\t\t<\/div>\n\t\t\t\t<\/article>\n\t\t\t\t<article class=\"elementor-post elementor-grid-item post-2733 post type-post status-publish format-standard has-post-thumbnail hentry category-uncategorized tag-abogado tag-abogado-inmigracion-miami tag-agencia-federal-inmigracion tag-defensa-migratoria tag-deportacion tag-derechos-ante-ice tag-detencion-migratoria tag-habeas-corpus tag-hispano-miami tag-ice tag-ice-florida tag-orden-de-deportacion tag-proteccion-legal-inmigrantes tag-que-hacer-si-te-detiene-ice tag-servicio-de-inmigracion-y-aduanas\" role=\"listitem\">\n\t\t\t\t<a class=\"elementor-post__thumbnail__link\" href=\"https:\/\/hhalaw.com\/en\/2026\/04\/22\/que-es-ice-servicio-inmigracion-aduanas\/\" tabindex=\"-1\" >\n\t\t\t<div class=\"elementor-post__thumbnail\"><img decoding=\"async\" width=\"300\" height=\"200\" src=\"https:\/\/hhalaw.com\/wp-content\/uploads\/2026\/03\/washington-d-2026-01-09-08-29-31-utc-300x200.jpg\" class=\"attachment-medium size-medium wp-image-2735\" alt=\"\" srcset=\"https:\/\/hhalaw.com\/wp-content\/uploads\/2026\/03\/washington-d-2026-01-09-08-29-31-utc-300x200.jpg 300w, https:\/\/hhalaw.com\/wp-content\/uploads\/2026\/03\/washington-d-2026-01-09-08-29-31-utc-1024x683.jpg 1024w, https:\/\/hhalaw.com\/wp-content\/uploads\/2026\/03\/washington-d-2026-01-09-08-29-31-utc-768x512.jpg 768w, https:\/\/hhalaw.com\/wp-content\/uploads\/2026\/03\/washington-d-2026-01-09-08-29-31-utc-1536x1024.jpg 1536w, https:\/\/hhalaw.com\/wp-content\/uploads\/2026\/03\/washington-d-2026-01-09-08-29-31-utc-2048x1365.jpg 2048w, https:\/\/hhalaw.com\/wp-content\/uploads\/2026\/03\/washington-d-2026-01-09-08-29-31-utc-18x12.jpg 18w\" sizes=\"(max-width: 300px) 100vw, 300px\" \/><\/div>\n\t\t<\/a>\n\t\t\t\t<div class=\"elementor-post__text\">\n\t\t\t\t<h3 class=\"elementor-post__title\">\n\t\t\t<a href=\"https:\/\/hhalaw.com\/en\/2026\/04\/22\/que-es-ice-servicio-inmigracion-aduanas\/\" >\n\t\t\t\t\u00bfQu\u00e9 es ICE y qu\u00e9 hace el Servicio de Inmigraci\u00f3n y Aduanas?\t\t\t<\/a>\n\t\t<\/h3>\n\t\t\t\t<div class=\"elementor-post__meta-data\">\n\t\t\t\t\t<span class=\"elementor-post-date\">\n\t\t\tApril 22, 2026\t\t<\/span>\n\t\t\t\t<\/div>\n\t\t\t\t<div class=\"elementor-post__excerpt\">\n\t\t\t<p>En temas relacionados con inmigraci\u00f3n en Estados Unidos, una de las agencias m\u00e1s mencionadas es ICE, el Servicio de Inmigraci\u00f3n y Aduanas. Muchas personas escuchan<\/p>\n\t\t<\/div>\n\t\t\n\t\t<a class=\"elementor-post__read-more\" href=\"https:\/\/hhalaw.com\/en\/2026\/04\/22\/que-es-ice-servicio-inmigracion-aduanas\/\" aria-label=\"Read more about \u00bfQu\u00e9 es ICE y qu\u00e9 hace el Servicio de Inmigraci\u00f3n y Aduanas?\" tabindex=\"-1\" >\n\t\t\tRead more \u00bb\t\t<\/a>\n\n\t\t\t\t<\/div>\n\t\t\t\t<\/article>\n\t\t\t\t<article class=\"elementor-post elementor-grid-item post-2739 post type-post status-publish format-standard has-post-thumbnail hentry category-uncategorized tag-abogado-fianza-inmigracion-urgente-miami tag-abogado-habeas-corpus-inmigracion-miami tag-abogado-para-liberacion-detencion-ice tag-consulta-gratis-detencion-ice-florida tag-familiar-detenido-ice-necesito-abogado-ya tag-fianza-migratoria-ice-cuanto-cuesta tag-pedir-fianza-ice-sin-antecedentes-miami tag-sacar-familiar-detenido-ice-miami\" role=\"listitem\">\n\t\t\t\t<a class=\"elementor-post__thumbnail__link\" href=\"https:\/\/hhalaw.com\/en\/2026\/04\/15\/fianza-inmigracion-ice-habeas-corpus\/\" tabindex=\"-1\" >\n\t\t\t<div class=\"elementor-post__thumbnail\"><img loading=\"lazy\" decoding=\"async\" width=\"300\" height=\"200\" src=\"https:\/\/hhalaw.com\/wp-content\/uploads\/2026\/03\/manager-with-blank-in-visa-centre-2026-01-09-00-42-46-utc-300x200.jpg\" class=\"attachment-medium size-medium wp-image-2743\" alt=\"\" srcset=\"https:\/\/hhalaw.com\/wp-content\/uploads\/2026\/03\/manager-with-blank-in-visa-centre-2026-01-09-00-42-46-utc-300x200.jpg 300w, https:\/\/hhalaw.com\/wp-content\/uploads\/2026\/03\/manager-with-blank-in-visa-centre-2026-01-09-00-42-46-utc-1024x683.jpg 1024w, https:\/\/hhalaw.com\/wp-content\/uploads\/2026\/03\/manager-with-blank-in-visa-centre-2026-01-09-00-42-46-utc-768x512.jpg 768w, https:\/\/hhalaw.com\/wp-content\/uploads\/2026\/03\/manager-with-blank-in-visa-centre-2026-01-09-00-42-46-utc-1536x1024.jpg 1536w, https:\/\/hhalaw.com\/wp-content\/uploads\/2026\/03\/manager-with-blank-in-visa-centre-2026-01-09-00-42-46-utc-2048x1365.jpg 2048w, https:\/\/hhalaw.com\/wp-content\/uploads\/2026\/03\/manager-with-blank-in-visa-centre-2026-01-09-00-42-46-utc-18x12.jpg 18w\" sizes=\"(max-width: 300px) 100vw, 300px\" \/><\/div>\n\t\t<\/a>\n\t\t\t\t<div class=\"elementor-post__text\">\n\t\t\t\t<h3 class=\"elementor-post__title\">\n\t\t\t<a href=\"https:\/\/hhalaw.com\/en\/2026\/04\/15\/fianza-inmigracion-ice-habeas-corpus\/\" >\n\t\t\t\tBail or Habeas Corpus: How to Obtain Them After an ICE Immigration Detention\t\t\t<\/a>\n\t\t<\/h3>\n\t\t\t\t<div class=\"elementor-post__meta-data\">\n\t\t\t\t\t<span class=\"elementor-post-date\">\n\t\t\tApril 15, 2026\t\t<\/span>\n\t\t\t\t<\/div>\n\t\t\t\t<div class=\"elementor-post__excerpt\">\n\t\t\t<p>When a person is detained by immigration authorities, one of the family\u2019s main concerns is whether there is a way to secure their<\/p>\n\t\t<\/div>\n\t\t\n\t\t<a class=\"elementor-post__read-more\" href=\"https:\/\/hhalaw.com\/en\/2026\/04\/15\/fianza-inmigracion-ice-habeas-corpus\/\" aria-label=\"Read more about Fianza o habeas corpus: c\u00f3mo obtenerlos despu\u00e9s de una detenci\u00f3n de fianza inmigraci\u00f3n ICE\" tabindex=\"-1\" >\n\t\t\tRead more \u00bb\t\t<\/a>\n\n\t\t\t\t<\/div>\n\t\t\t\t<\/article>\n\t\t\t\t<article class=\"elementor-post elementor-grid-item post-2745 post type-post status-publish format-standard has-post-thumbnail hentry category-uncategorized tag-abogado-bancarrota-nuevo-comienzo-financiero-miami tag-abogado-capitulo-7-recuperacion-credito-miami tag-como-arreglar-mi-credito-despues-de-bancarrota tag-consulta-gratis-bancarrota-credito-florida tag-reconstruir-credito-hispano-miami-bancarrota tag-recuperar-credito-rapido-despues-bancarrota-miami tag-subir-puntaje-credito-tras-bancarrota-florida tag-vida-despues-de-bancarrota-miami-abogado\" role=\"listitem\">\n\t\t\t\t<a class=\"elementor-post__thumbnail__link\" href=\"https:\/\/hhalaw.com\/en\/2026\/04\/08\/credito-despues-bancarrota\/\" tabindex=\"-1\" >\n\t\t\t<div class=\"elementor-post__thumbnail\"><img loading=\"lazy\" decoding=\"async\" width=\"300\" height=\"200\" src=\"https:\/\/hhalaw.com\/wp-content\/uploads\/2026\/03\/credit-score-concept-with-pensive-man-back-in-fron-2026-01-11-08-48-15-utc-300x200.jpg\" class=\"attachment-medium size-medium wp-image-2747\" alt=\"\" srcset=\"https:\/\/hhalaw.com\/wp-content\/uploads\/2026\/03\/credit-score-concept-with-pensive-man-back-in-fron-2026-01-11-08-48-15-utc-300x200.jpg 300w, https:\/\/hhalaw.com\/wp-content\/uploads\/2026\/03\/credit-score-concept-with-pensive-man-back-in-fron-2026-01-11-08-48-15-utc-1024x683.jpg 1024w, https:\/\/hhalaw.com\/wp-content\/uploads\/2026\/03\/credit-score-concept-with-pensive-man-back-in-fron-2026-01-11-08-48-15-utc-768x512.jpg 768w, https:\/\/hhalaw.com\/wp-content\/uploads\/2026\/03\/credit-score-concept-with-pensive-man-back-in-fron-2026-01-11-08-48-15-utc-1536x1024.jpg 1536w, https:\/\/hhalaw.com\/wp-content\/uploads\/2026\/03\/credit-score-concept-with-pensive-man-back-in-fron-2026-01-11-08-48-15-utc-2048x1365.jpg 2048w, https:\/\/hhalaw.com\/wp-content\/uploads\/2026\/03\/credit-score-concept-with-pensive-man-back-in-fron-2026-01-11-08-48-15-utc-18x12.jpg 18w\" sizes=\"(max-width: 300px) 100vw, 300px\" \/><\/div>\n\t\t<\/a>\n\t\t\t\t<div class=\"elementor-post__text\">\n\t\t\t\t<h3 class=\"elementor-post__title\">\n\t\t\t<a href=\"https:\/\/hhalaw.com\/en\/2026\/04\/08\/credito-despues-bancarrota\/\" >\n\t\t\t\tCredit After Bankruptcy: How to Rebuild Your Credit Score and Regain Financial Stability\t\t\t<\/a>\n\t\t<\/h3>\n\t\t\t\t<div class=\"elementor-post__meta-data\">\n\t\t\t\t\t<span class=\"elementor-post-date\">\n\t\t\tApril 8, 2026\t\t<\/span>\n\t\t\t\t<\/div>\n\t\t\t\t<div class=\"elementor-post__excerpt\">\n\t\t\t<p>After going through bankruptcy, many people worry about how it will affect their financial future. One of the most common questions is whether<\/p>\n\t\t<\/div>\n\t\t\n\t\t<a class=\"elementor-post__read-more\" href=\"https:\/\/hhalaw.com\/en\/2026\/04\/08\/credito-despues-bancarrota\/\" aria-label=\"Read more about Cr\u00e9dito despu\u00e9s de bancarrota: c\u00f3mo recuperar tu puntaje y estabilidad financiera\" tabindex=\"-1\" >\n\t\t\tRead more \u00bb\t\t<\/a>\n\n\t\t\t\t<\/div>\n\t\t\t\t<\/article>\n\t\t\t\t<article class=\"elementor-post elementor-grid-item post-2751 post type-post status-publish format-standard has-post-thumbnail hentry category-uncategorized tag-abogado-bancarrota-carro-hipoteca-florida tag-abogado-hispano-bancarrota-hipoteca-miami tag-bogado-bancarrota-hipoteca-miami-urgente tag-conservar-casa-bancarrota-capitulo-7-florida tag-consulta-gratis-bancarrota-y-casa-miami tag-puedo-quedarme-con-mi-casa-si-declaro-bancarrota tag-que-pasa-con-mi-casa-si-declaro-bancarrota tag-reaffirmation-agreement-hipoteca-abogado-miami\" role=\"listitem\">\n\t\t\t\t<a class=\"elementor-post__thumbnail__link\" href=\"https:\/\/hhalaw.com\/en\/2026\/04\/01\/reaffirmation-agreement-hipoteca-bancarrota\/\" tabindex=\"-1\" >\n\t\t\t<div class=\"elementor-post__thumbnail\"><img loading=\"lazy\" decoding=\"async\" width=\"300\" height=\"200\" src=\"https:\/\/hhalaw.com\/wp-content\/uploads\/2026\/03\/stressed-indian-father-working-on-laptop-while-mot-2026-01-09-11-01-46-utc-300x200.jpeg\" class=\"attachment-medium size-medium wp-image-2753\" alt=\"\" srcset=\"https:\/\/hhalaw.com\/wp-content\/uploads\/2026\/03\/stressed-indian-father-working-on-laptop-while-mot-2026-01-09-11-01-46-utc-300x200.jpeg 300w, https:\/\/hhalaw.com\/wp-content\/uploads\/2026\/03\/stressed-indian-father-working-on-laptop-while-mot-2026-01-09-11-01-46-utc-1024x683.jpeg 1024w, https:\/\/hhalaw.com\/wp-content\/uploads\/2026\/03\/stressed-indian-father-working-on-laptop-while-mot-2026-01-09-11-01-46-utc-768x513.jpeg 768w, https:\/\/hhalaw.com\/wp-content\/uploads\/2026\/03\/stressed-indian-father-working-on-laptop-while-mot-2026-01-09-11-01-46-utc-1536x1025.jpeg 1536w, https:\/\/hhalaw.com\/wp-content\/uploads\/2026\/03\/stressed-indian-father-working-on-laptop-while-mot-2026-01-09-11-01-46-utc-2048x1367.jpeg 2048w, https:\/\/hhalaw.com\/wp-content\/uploads\/2026\/03\/stressed-indian-father-working-on-laptop-while-mot-2026-01-09-11-01-46-utc-18x12.jpeg 18w\" sizes=\"(max-width: 300px) 100vw, 300px\" \/><\/div>\n\t\t<\/a>\n\t\t\t\t<div class=\"elementor-post__text\">\n\t\t\t\t<h3 class=\"elementor-post__title\">\n\t\t\t<a href=\"https:\/\/hhalaw.com\/en\/2026\/04\/01\/reaffirmation-agreement-hipoteca-bancarrota\/\" >\n\t\t\t\tReaffirmation agreement: \u00bfDebo mantener mi hipoteca o pr\u00e9stamo durante una bancarrota?\t\t\t<\/a>\n\t\t<\/h3>\n\t\t\t\t<div class=\"elementor-post__meta-data\">\n\t\t\t\t\t<span class=\"elementor-post-date\">\n\t\t\tApril 1, 2026\t\t<\/span>\n\t\t\t\t<\/div>\n\t\t\t\t<div class=\"elementor-post__excerpt\">\n\t\t\t<p>When a person files for bankruptcy, one of the most important decisions may be what to do with certain debts, especially those related to assets<\/p>\n\t\t<\/div>\n\t\t\n\t\t<a class=\"elementor-post__read-more\" href=\"https:\/\/hhalaw.com\/en\/2026\/04\/01\/reaffirmation-agreement-hipoteca-bancarrota\/\" aria-label=\"Read more about Reaffirmation agreement: \u00bfDebo mantener mi hipoteca o pr\u00e9stamo durante una bancarrota?\" tabindex=\"-1\" >\n\t\t\tRead more \u00bb\t\t<\/a>\n\n\t\t\t\t<\/div>\n\t\t\t\t<\/article>\n\t\t\t\t<\/div>\n\t\t\n\t\t\t\t\t\t<\/div>\n\t\t\t\t<\/div>\n\t\t\t\t\t<\/div>\n\t\t\t\t<\/div>\n\t\t\t\t<\/div>","protected":false},"excerpt":{"rendered":"<p>Nuestros Art\u00edculos Informaci\u00f3n legal clara y accesible para ayudarte a entender tus derechos y tomar decisiones informadas.<\/p>","protected":false},"author":4,"featured_media":0,"parent":0,"menu_order":0,"comment_status":"closed","ping_status":"closed","template":"","meta":{"advanced_seo_description":"","jetpack_seo_html_title":"","jetpack_seo_noindex":false,"footnotes":""},"class_list":["post-2693","page","type-page","status-publish","hentry"],"jetpack_sharing_enabled":true,"_links":{"self":[{"href":"https:\/\/hhalaw.com\/en\/wp-json\/wp\/v2\/pages\/2693","targetHints":{"allow":["GET"]}}],"collection":[{"href":"https:\/\/hhalaw.com\/en\/wp-json\/wp\/v2\/pages"}],"about":[{"href":"https:\/\/hhalaw.com\/en\/wp-json\/wp\/v2\/types\/page"}],"author":[{"embeddable":true,"href":"https:\/\/hhalaw.com\/en\/wp-json\/wp\/v2\/users\/4"}],"replies":[{"embeddable":true,"href":"https:\/\/hhalaw.com\/en\/wp-json\/wp\/v2\/comments?post=2693"}],"version-history":[{"count":0,"href":"https:\/\/hhalaw.com\/en\/wp-json\/wp\/v2\/pages\/2693\/revisions"}],"wp:attachment":[{"href":"https:\/\/hhalaw.com\/en\/wp-json\/wp\/v2\/media?parent=2693"}],"curies":[{"name":"wp","href":"https:\/\/api.w.org\/{rel}","templated":true}]}}