{"id":2626,"date":"2026-01-13T21:14:59","date_gmt":"2026-01-13T21:14:59","guid":{"rendered":"https:\/\/hectorhernande.wpenginepowered.com\/?page_id=2626"},"modified":"2026-01-13T21:28:38","modified_gmt":"2026-01-13T21:28:38","slug":"terminos-y-condiciones-de-uso","status":"publish","type":"page","link":"https:\/\/hhalaw.com\/en\/terminos-y-condiciones-de-uso\/","title":{"rendered":""},"content":{"rendered":"<div data-elementor-type=\"wp-page\" data-elementor-id=\"2626\" class=\"elementor elementor-2626\" data-elementor-post-type=\"page\">\n\t\t\t\t<div class=\"elementor-element elementor-element-a5cea9d e-flex e-con-boxed e-con e-parent\" data-id=\"a5cea9d\" data-element_type=\"container\" data-e-type=\"container\" data-settings=\"{&quot;background_background&quot;:&quot;classic&quot;,&quot;_ob_use_container_extras&quot;:&quot;no&quot;,&quot;_ob_column_hoveranimator&quot;:&quot;no&quot;,&quot;_ob_glider_is_slider&quot;:&quot;no&quot;,&quot;_ob_column_has_pseudo&quot;:&quot;no&quot;}\">\n\t\t\t\t\t<div class=\"e-con-inner\">\n\t\t\t\t<div class=\"elementor-element elementor-element-bd614d5 ob-harakiri-inherit ob-has-background-overlay elementor-widget elementor-widget-heading\" data-id=\"bd614d5\" data-element_type=\"widget\" data-e-type=\"widget\" data-settings=\"{&quot;_ob_use_harakiri&quot;:&quot;yes&quot;,&quot;_ob_harakiri_writing_mode&quot;:&quot;inherit&quot;,&quot;_ob_harakiri_text_clip&quot;:&quot;none&quot;,&quot;_ob_perspektive_use&quot;:&quot;no&quot;,&quot;_ob_poopart_use&quot;:&quot;yes&quot;,&quot;_ob_shadough_use&quot;:&quot;no&quot;,&quot;_ob_allow_hoveranimator&quot;:&quot;no&quot;,&quot;_ob_widget_stalker_use&quot;:&quot;no&quot;}\" data-widget_type=\"heading.default\">\n\t\t\t\t<div class=\"elementor-widget-container\">\n\t\t\t\t\t<h2 class=\"elementor-heading-title elementor-size-default\">T\u00e9rminos y condiciones de uso<\/h2>\t\t\t\t<\/div>\n\t\t\t\t<\/div>\n\t\t\t\t<div class=\"elementor-element elementor-element-5414e340 ob-harakiri-inherit ob-has-background-overlay elementor-widget elementor-widget-text-editor\" data-id=\"5414e340\" data-element_type=\"widget\" data-e-type=\"widget\" data-settings=\"{&quot;_ob_use_harakiri&quot;:&quot;yes&quot;,&quot;_ob_harakiri_writing_mode&quot;:&quot;inherit&quot;,&quot;_ob_postman_use&quot;:&quot;no&quot;,&quot;_ob_perspektive_use&quot;:&quot;no&quot;,&quot;_ob_poopart_use&quot;:&quot;yes&quot;,&quot;_ob_shadough_use&quot;:&quot;no&quot;,&quot;_ob_allow_hoveranimator&quot;:&quot;no&quot;,&quot;_ob_widget_stalker_use&quot;:&quot;no&quot;}\" data-widget_type=\"text-editor.default\">\n\t\t\t\t<div class=\"elementor-widget-container\">\n\t\t\t\t\t\t\t\t\t\n<p><strong>\u00daltima actualizaci\u00f3n:<\/strong> Enero del 2026<\/p>\n\n<p>Bienvenido a <strong>HHA Law<\/strong>. Al acceder y utilizar el sitio web <strong><a href=\"https:\/\/hhalaw.com\/en\/\">https:\/\/hhalaw.com\/<\/a><\/strong> aceptas cumplir con los siguientes T\u00e9rminos y Condiciones. Si no est\u00e1s de acuerdo con ellos, te pedimos que no utilices este Sitio.<\/p>\n<hr class=\"wp-block-separator has-alpha-channel-opacity\" \/>\n<h3 class=\"wp-block-heading\">1. Uso del sitio web<\/h3>\n\n<p>Este Sitio tiene fines <strong>informativos<\/strong> y est\u00e1 dise\u00f1ado para brindar informaci\u00f3n general sobre nuestros servicios legales. El uso del Sitio no crea una relaci\u00f3n abogado-cliente entre el usuario y HHA Law.<\/p>\n<hr class=\"wp-block-separator has-alpha-channel-opacity\" \/>\n<h3 class=\"wp-block-heading\">2. No asesor\u00eda legal<\/h3>\n\n<p>La informaci\u00f3n contenida en este Sitio <strong>no constituye asesor\u00eda legal<\/strong> y no debe interpretarse como tal. Cada caso legal es distinto y requiere un an\u00e1lisis espec\u00edfico. Para recibir asesor\u00eda legal, debes agendar una consulta formal con uno de nuestros abogados.<\/p>\n<hr class=\"wp-block-separator has-alpha-channel-opacity\" \/>\n<h3 class=\"wp-block-heading\">3. Relaci\u00f3n abogado\u2013cliente<\/h3>\n\n<p>El contacto a trav\u00e9s de este Sitio, formularios, correos electr\u00f3nicos, chats, llamadas telef\u00f3nicas o mensajes de WhatsApp <strong>no establece una relaci\u00f3n abogado\u2013cliente<\/strong> hasta que exista un acuerdo formal y por escrito firmado por ambas partes.<\/p>\n<hr class=\"wp-block-separator has-alpha-channel-opacity\" \/>\n<h3 class=\"wp-block-heading\">4. Exactitud de la informaci\u00f3n<\/h3>\n\n<p>Aunque nos esforzamos por mantener la informaci\u00f3n actualizada y precisa, <strong>HHA Law no garantiza<\/strong> que el contenido del Sitio est\u00e9 libre de errores, omisiones o desactualizaciones, especialmente debido a cambios constantes en leyes y regulaciones migratorias.<\/p>\n<hr class=\"wp-block-separator has-alpha-channel-opacity\" \/>\n<h3 class=\"wp-block-heading\">5. Propiedad intelectual<\/h3>\n\n<p>Todo el contenido del Sitio, incluyendo textos, logotipos, im\u00e1genes, gr\u00e1ficos, videos y dise\u00f1o, es propiedad de <strong>HHA Law<\/strong> o se utiliza bajo licencia, y est\u00e1 protegido por las leyes de propiedad intelectual de los Estados Unidos.<br \/>Queda prohibida su reproducci\u00f3n, distribuci\u00f3n o uso sin autorizaci\u00f3n previa y por escrito.<\/p>\n<hr class=\"wp-block-separator has-alpha-channel-opacity\" \/>\n<h3 class=\"wp-block-heading\">6. Enlaces a terceros<\/h3>\n\n<p>Este Sitio puede contener enlaces a sitios web de terceros. <strong>HHA Law no se hace responsable<\/strong> del contenido, pol\u00edticas de privacidad o pr\u00e1cticas de dichos sitios externos.<\/p>\n<hr class=\"wp-block-separator has-alpha-channel-opacity\" \/>\n<h3 class=\"wp-block-heading\">7. Limitaci\u00f3n de responsabilidad<\/h3>\n\n<p>HHA Law no ser\u00e1 responsable por da\u00f1os directos o indirectos derivados del uso o la imposibilidad de uso de este Sitio, incluyendo, pero no limit\u00e1ndose a, errores, interrupciones o p\u00e9rdida de informaci\u00f3n.<\/p>\n<hr class=\"wp-block-separator has-alpha-channel-opacity\" \/>\n<h3 class=\"wp-block-heading\">8. Uso indebido<\/h3>\n\n<p>El usuario se compromete a no utilizar este Sitio para:<\/p>\n\n<ul class=\"wp-block-list\">\n<li>Fines ilegales o fraudulentos<\/li>\n\n<li>Enviar informaci\u00f3n falsa o enga\u00f1osa<\/li>\n\n<li>Intentar acceder sin autorizaci\u00f3n a sistemas o datos<\/li>\n\n<li>Da\u00f1ar, interferir o afectar el funcionamiento del Sitio<\/li>\n<\/ul>\n<hr class=\"wp-block-separator has-alpha-channel-opacity\" \/>\n<h3 class=\"wp-block-heading\">9. Privacidad<\/h3>\n\n<p>El uso de este Sitio tambi\u00e9n est\u00e1 sujeto a nuestra <strong>Pol\u00edtica de Privacidad<\/strong>, donde explicamos c\u00f3mo recopilamos y protegemos tu informaci\u00f3n personal.<\/p>\n<hr class=\"wp-block-separator has-alpha-channel-opacity\" \/>\n<h3 class=\"wp-block-heading\">10. Cambios a los t\u00e9rminos<\/h3>\n\n<p>HHA Law se reserva el derecho de modificar estos T\u00e9rminos y Condiciones en cualquier momento. Los cambios entrar\u00e1n en vigor una vez publicados en este Sitio.<\/p>\n\t\t\t\t\t\t\t\t<\/div>\n\t\t\t\t<\/div>\n\t\t\t\t\t<\/div>\n\t\t\t\t<\/div>\n\t\t\t\t<\/div>","protected":false},"excerpt":{"rendered":"<p>T\u00e9rminos y condiciones de uso \u00daltima actualizaci\u00f3n: Enero del 2026 Bienvenido a HHA Law. Al acceder y utilizar el sitio web https:\/\/hhalaw.com\/ aceptas cumplir con los siguientes T\u00e9rminos y Condiciones. Si no est\u00e1s de acuerdo con ellos, te pedimos que no utilices este Sitio. 1. Uso del sitio web Este Sitio tiene fines informativos y [&hellip;]<\/p>\n","protected":false},"author":4,"featured_media":0,"parent":0,"menu_order":0,"comment_status":"closed","ping_status":"closed","template":"","meta":{"footnotes":""},"class_list":["post-2626","page","type-page","status-publish","hentry"],"_links":{"self":[{"href":"https:\/\/hhalaw.com\/en\/wp-json\/wp\/v2\/pages\/2626","targetHints":{"allow":["GET"]}}],"collection":[{"href":"https:\/\/hhalaw.com\/en\/wp-json\/wp\/v2\/pages"}],"about":[{"href":"https:\/\/hhalaw.com\/en\/wp-json\/wp\/v2\/types\/page"}],"author":[{"embeddable":true,"href":"https:\/\/hhalaw.com\/en\/wp-json\/wp\/v2\/users\/4"}],"replies":[{"embeddable":true,"href":"https:\/\/hhalaw.com\/en\/wp-json\/wp\/v2\/comments?post=2626"}],"version-history":[{"count":0,"href":"https:\/\/hhalaw.com\/en\/wp-json\/wp\/v2\/pages\/2626\/revisions"}],"wp:attachment":[{"href":"https:\/\/hhalaw.com\/en\/wp-json\/wp\/v2\/media?parent=2626"}],"curies":[{"name":"wp","href":"https:\/\/api.w.org\/{rel}","templated":true}]}}